{"id":194,"date":"2020-12-28T16:05:19","date_gmt":"2020-12-28T16:05:19","guid":{"rendered":"https:\/\/hpv-untermais.com\/?page_id=194"},"modified":"2026-03-05T12:21:58","modified_gmt":"2026-03-05T11:21:58","slug":"termine-2","status":"publish","type":"page","link":"https:\/\/hpv-untermais.com\/","title":{"rendered":"Termine"},"content":{"rendered":"\n<p class=\"has-x-large-font-size\"><strong>Mitgliederversammlung<\/strong><\/p>\n\n\n\n<figure class=\"wp-block-image size-large\"><img loading=\"lazy\" decoding=\"async\" width=\"1024\" height=\"682\" src=\"https:\/\/hpv-untermais.com\/wp-content\/uploads\/2026\/03\/DSC7568-1024x682.jpg\" alt=\"\" class=\"wp-image-943\" srcset=\"https:\/\/hpv-untermais.com\/wp-content\/uploads\/2026\/03\/DSC7568-1024x682.jpg 1024w, https:\/\/hpv-untermais.com\/wp-content\/uploads\/2026\/03\/DSC7568-300x200.jpg 300w, https:\/\/hpv-untermais.com\/wp-content\/uploads\/2026\/03\/DSC7568-768x512.jpg 768w, https:\/\/hpv-untermais.com\/wp-content\/uploads\/2026\/03\/DSC7568-1536x1024.jpg 1536w, https:\/\/hpv-untermais.com\/wp-content\/uploads\/2026\/03\/DSC7568-110x73.jpg 110w, https:\/\/hpv-untermais.com\/wp-content\/uploads\/2026\/03\/DSC7568-200x133.jpg 200w, https:\/\/hpv-untermais.com\/wp-content\/uploads\/2026\/03\/DSC7568-380x253.jpg 380w, https:\/\/hpv-untermais.com\/wp-content\/uploads\/2026\/03\/DSC7568-255x170.jpg 255w, https:\/\/hpv-untermais.com\/wp-content\/uploads\/2026\/03\/DSC7568-550x367.jpg 550w, https:\/\/hpv-untermais.com\/wp-content\/uploads\/2026\/03\/DSC7568-800x533.jpg 800w, https:\/\/hpv-untermais.com\/wp-content\/uploads\/2026\/03\/DSC7568-1160x773.jpg 1160w, https:\/\/hpv-untermais.com\/wp-content\/uploads\/2026\/03\/DSC7568.jpg 2000w\" sizes=\"auto, (max-width: 1024px) 100vw, 1024px\" \/><\/figure>\n\n\n\n<p><strong>am Samstag, 28. M\u00e4rz 2026 um 18:00, im Angerheim \u2013 B\u00fcrgersaal<\/strong><\/p>\n\n\n\n<p>Der Heimatpflegeverein Untermais l\u00e4dt hiermit alle Mitglieder und Freunde zur ordentlichen Mitgliederversammlung ein, welche in erster Einberufung um 17.00 Uhr stattfindet und in zweiter Einberufung<\/p>\n\n\n\n<p><strong>Tagesordnung:<\/strong><\/p>\n\n\n\n<ol class=\"wp-block-list\">\n<li>Begr\u00fc\u00dfung der Mitglieder und Ehreng\u00e4ste<\/li>\n\n\n\n<li>Gedenkminute<\/li>\n\n\n\n<li>Verlesung und Genehmigung des Protokolls der letzten Jahreshauptversammlung<\/li>\n\n\n\n<li>T\u00e4tigkeitsbericht des Vorstandes in Wort und Bild \u2013 T\u00e4tigkeitsvorschau\u00a0<\/li>\n\n\n\n<li>Bericht des Kassiers und der Rechnungspr\u00fcfer \u2013 Entlastung des Vorstandes<\/li>\n\n\n\n<li>Festlegung des Mitgliedsbeitrages f\u00fcr das Jahr 2027<\/li>\n\n\n\n<li>Vortrag von Christoph Gufler zu den historischen Grabsteinen in den Friedh\u00f6fen von Untermais<\/li>\n\n\n\n<li>Allf\u00e4lliges<\/li>\n<\/ol>\n\n\n\n<p>Anschlie\u00dfend gibt es eine kleine St\u00e4rkung.<\/p>\n\n\n\n<p class=\"has-medium-font-size\">Musikalisch umrahmt wird die Versammlung vom Duo Vivace (Viktoria und Elisabeth Z\u00f6ggeler).<\/p>\n\n\n\n<p>Vor der Versammlung kann der Mitgliedsbeitrag f\u00fcr 2026 (\u20ac 15,00) entrichtet werden, ebenso k\u00f6nnen Sie den Betrag auf unser Konto bei der Raiffeisenkasse IBAN IT77E 0813358591 000301003747\u00a0 \u00fcberweisen.<\/p>\n\n\n\n<p>Der Zugang zum B\u00fcrgersaal erfolgt \u00fcber den Aufzug des KIMM.<\/p>\n\n\n\n<p><\/p>\n","protected":false},"excerpt":{"rendered":"Mitgliederversammlung am Samstag, 28. M\u00e4rz 2026 um 18:00, im Angerheim \u2013 B\u00fcrgersaal Der Heimatpflegeverein Untermais l\u00e4dt hiermit alle&hellip;\n","protected":false},"author":2,"featured_media":0,"parent":0,"menu_order":0,"comment_status":"closed","ping_status":"closed","template":"","meta":{"ngg_post_thumbnail":0,"footnotes":""},"class_list":["post-194","page","type-page","status-publish"],"_links":{"self":[{"href":"https:\/\/hpv-untermais.com\/index.php\/wp-json\/wp\/v2\/pages\/194","targetHints":{"allow":["GET"]}}],"collection":[{"href":"https:\/\/hpv-untermais.com\/index.php\/wp-json\/wp\/v2\/pages"}],"about":[{"href":"https:\/\/hpv-untermais.com\/index.php\/wp-json\/wp\/v2\/types\/page"}],"author":[{"embeddable":true,"href":"https:\/\/hpv-untermais.com\/index.php\/wp-json\/wp\/v2\/users\/2"}],"replies":[{"embeddable":true,"href":"https:\/\/hpv-untermais.com\/index.php\/wp-json\/wp\/v2\/comments?post=194"}],"version-history":[{"count":32,"href":"https:\/\/hpv-untermais.com\/index.php\/wp-json\/wp\/v2\/pages\/194\/revisions"}],"predecessor-version":[{"id":944,"href":"https:\/\/hpv-untermais.com\/index.php\/wp-json\/wp\/v2\/pages\/194\/revisions\/944"}],"wp:attachment":[{"href":"https:\/\/hpv-untermais.com\/index.php\/wp-json\/wp\/v2\/media?parent=194"}],"curies":[{"name":"wp","href":"https:\/\/api.w.org\/{rel}","templated":true}]}}